{"id":15,"date":"2021-03-01T12:08:54","date_gmt":"2021-03-01T11:08:54","guid":{"rendered":"https:\/\/laggarhultsgolv.se\/?page_id=15"},"modified":"2023-04-09T16:59:32","modified_gmt":"2023-04-09T15:59:32","slug":"om","status":"publish","type":"page","link":"https:\/\/laggarhultsgolv.se\/?page_id=15","title":{"rendered":"Tj\u00e4nster"},"content":{"rendered":"\n<div class=\"wp-block-group alignwide\"><div class=\"wp-block-group__inner-container is-layout-flow wp-block-group-is-layout-flow\">\n<h5 class=\"wp-block-heading\"><strong>MATTOR<\/strong><\/h5>\n\n\n\n<blockquote class=\"wp-block-quote is-layout-flow wp-block-quote-is-layout-flow\">\n<p>Vi levererar och monterar alla p\u00e5 marknaden f\u00f6rekommande mattor och plattor. B\u00e5de plast, gummi och textil f\u00f6r b\u00e5de offentliga lokaler och bost\u00e4der .<\/p>\n<\/blockquote>\n\n\n\n<h5 class=\"wp-block-heading\"><strong>V\u00c5TRUMSMATTOR<\/strong><\/h5>\n\n\n\n<blockquote class=\"wp-block-quote is-layout-flow wp-block-quote-is-layout-flow\">\n<p>Golv och v\u00e4ggmattor i badrum med eller utan b\u00e5rd. Mycket prisv\u00e4rda alternativ till kakel och klinkers. Med horisontell montering blir ocks\u00e5 v\u00e4ggen skarvfri. Sj\u00e4lvklart medf\u00f6ljer v\u00e5trumsintyg och arbetet utf\u00f6rs av auktoriserad personal.<\/p>\n<\/blockquote>\n\n\n\n<h5 class=\"wp-block-heading\"><strong>KAKEL\/KLINKERS<\/strong><\/h5>\n\n\n\n<blockquote class=\"wp-block-quote is-layout-flow wp-block-quote-is-layout-flow\">\n<p>Montering kakel och klinkers med GVK-godk\u00e4nda t\u00e4tskikt.<\/p>\n<\/blockquote>\n\n\n\n<h5 class=\"wp-block-heading\">PARKETTGOLV<\/h5>\n\n\n\n<blockquote class=\"wp-block-quote is-layout-flow wp-block-quote-is-layout-flow\">\n<p>L\u00e4ggning av parkettgolv, massiva tr\u00e4golv, kortstav, sp\u00e5ngolv, gipsgolv och laminatgolv.<\/p>\n<\/blockquote>\n\n\n\n<h5 class=\"wp-block-heading\"><strong>G<\/strong>OLVSLIPNING<\/h5>\n\n\n\n<blockquote class=\"wp-block-quote is-layout-flow wp-block-quote-is-layout-flow\">\n<p>Slipning av parkett\/tr\u00e4golv.<\/p>\n\n\n\n<p>Vi kan erbjuda dammfri slipning av parkettgolv med modern utrustning.<\/p>\n<\/blockquote>\n<\/div><\/div>\n\n\n\n<p><\/p>\n","protected":false},"excerpt":{"rendered":"<p>MATTOR Vi levererar och monterar alla p\u00e5 marknaden f\u00f6rekommande mattor och plattor. B\u00e5de plast, gummi och textil f\u00f6r b\u00e5de offentliga lokaler och bost\u00e4der . V\u00c5TRUMSMATTOR Golv och v\u00e4ggmattor i badrum med eller utan b\u00e5rd. Mycket prisv\u00e4rda alternativ till kakel och klinkers. Med horisontell montering blir ocks\u00e5 v\u00e4ggen skarvfri. Sj\u00e4lvklart medf\u00f6ljer v\u00e5trumsintyg och arbetet utf\u00f6rs av [&hellip;]<\/p>\n","protected":false},"author":2,"featured_media":0,"parent":0,"menu_order":0,"comment_status":"closed","ping_status":"open","template":"","meta":{"footnotes":""},"class_list":["post-15","page","type-page","status-publish","hentry"],"aioseo_notices":[],"_links":{"self":[{"href":"https:\/\/laggarhultsgolv.se\/index.php?rest_route=\/wp\/v2\/pages\/15","targetHints":{"allow":["GET"]}}],"collection":[{"href":"https:\/\/laggarhultsgolv.se\/index.php?rest_route=\/wp\/v2\/pages"}],"about":[{"href":"https:\/\/laggarhultsgolv.se\/index.php?rest_route=\/wp\/v2\/types\/page"}],"author":[{"embeddable":true,"href":"https:\/\/laggarhultsgolv.se\/index.php?rest_route=\/wp\/v2\/users\/2"}],"replies":[{"embeddable":true,"href":"https:\/\/laggarhultsgolv.se\/index.php?rest_route=%2Fwp%2Fv2%2Fcomments&post=15"}],"version-history":[{"count":7,"href":"https:\/\/laggarhultsgolv.se\/index.php?rest_route=\/wp\/v2\/pages\/15\/revisions"}],"predecessor-version":[{"id":129,"href":"https:\/\/laggarhultsgolv.se\/index.php?rest_route=\/wp\/v2\/pages\/15\/revisions\/129"}],"wp:attachment":[{"href":"https:\/\/laggarhultsgolv.se\/index.php?rest_route=%2Fwp%2Fv2%2Fmedia&parent=15"}],"curies":[{"name":"wp","href":"https:\/\/api.w.org\/{rel}","templated":true}]}}