{"id":45,"date":"2021-03-01T12:14:28","date_gmt":"2021-03-01T11:14:28","guid":{"rendered":"https:\/\/laggarhultsgolv.se\/?page_id=45"},"modified":"2021-09-15T20:23:23","modified_gmt":"2021-09-15T19:23:23","slug":"hem","status":"publish","type":"page","link":"https:\/\/laggarhultsgolv.se\/","title":{"rendered":"Hem"},"content":{"rendered":"\n<h2 class=\"wp-block-heading\">V\u00e4lkommen till <img loading=\"lazy\" decoding=\"async\" width=\"150\" height=\"61\" class=\"wp-image-86\" style=\"width: 150px;\" src=\"https:\/\/laggarhultsgolv.se\/wp-content\/uploads\/2021\/03\/cropped-cropped-lagg-1.jpg\" alt=\"\" srcset=\"https:\/\/laggarhultsgolv.se\/wp-content\/uploads\/2021\/03\/cropped-cropped-lagg-1.jpg 1354w, https:\/\/laggarhultsgolv.se\/wp-content\/uploads\/2021\/03\/cropped-cropped-lagg-1-300x122.jpg 300w, https:\/\/laggarhultsgolv.se\/wp-content\/uploads\/2021\/03\/cropped-cropped-lagg-1-1024x416.jpg 1024w, https:\/\/laggarhultsgolv.se\/wp-content\/uploads\/2021\/03\/cropped-cropped-lagg-1-768x312.jpg 768w, https:\/\/laggarhultsgolv.se\/wp-content\/uploads\/2021\/03\/cropped-cropped-lagg-1-1200x487.jpg 1200w\" sizes=\"auto, (max-width: 150px) 100vw, 150px\" \/><\/h2>\n\n\n\n<h2 class=\"wp-block-heading\">Hos oss kan du som kund f\u00f6rv\u00e4nta dig det d\u00e4r lilla *extra*<\/h2>\n\n\n\n<p><\/p>\n\n\n\n<p><\/p>\n\n\n\n<p><\/p>\n\n\n\n<p><\/p>\n\n\n\n<p><\/p>\n\n\n\n<p><\/p>\n\n\n\n<p><\/p>\n\n\n\n<p><\/p>\n\n\n\n<figure class=\"wp-block-image size-large\"><img loading=\"lazy\" decoding=\"async\" width=\"180\" height=\"77\" src=\"https:\/\/laggarhultsgolv.se\/wp-content\/uploads\/2021\/03\/gvk-logga.png\" alt=\"\" class=\"wp-image-54\"\/><\/figure>\n\n\n\n<p><\/p>\n","protected":false},"excerpt":{"rendered":"<p>V\u00e4lkommen till Hos oss kan du som kund f\u00f6rv\u00e4nta dig det d\u00e4r lilla *extra*<\/p>\n","protected":false},"author":2,"featured_media":0,"parent":0,"menu_order":0,"comment_status":"closed","ping_status":"open","template":"","meta":{"footnotes":""},"class_list":["post-45","page","type-page","status-publish","hentry"],"aioseo_notices":[],"_links":{"self":[{"href":"https:\/\/laggarhultsgolv.se\/index.php?rest_route=\/wp\/v2\/pages\/45","targetHints":{"allow":["GET"]}}],"collection":[{"href":"https:\/\/laggarhultsgolv.se\/index.php?rest_route=\/wp\/v2\/pages"}],"about":[{"href":"https:\/\/laggarhultsgolv.se\/index.php?rest_route=\/wp\/v2\/types\/page"}],"author":[{"embeddable":true,"href":"https:\/\/laggarhultsgolv.se\/index.php?rest_route=\/wp\/v2\/users\/2"}],"replies":[{"embeddable":true,"href":"https:\/\/laggarhultsgolv.se\/index.php?rest_route=%2Fwp%2Fv2%2Fcomments&post=45"}],"version-history":[{"count":6,"href":"https:\/\/laggarhultsgolv.se\/index.php?rest_route=\/wp\/v2\/pages\/45\/revisions"}],"predecessor-version":[{"id":93,"href":"https:\/\/laggarhultsgolv.se\/index.php?rest_route=\/wp\/v2\/pages\/45\/revisions\/93"}],"wp:attachment":[{"href":"https:\/\/laggarhultsgolv.se\/index.php?rest_route=%2Fwp%2Fv2%2Fmedia&parent=45"}],"curies":[{"name":"wp","href":"https:\/\/api.w.org\/{rel}","templated":true}]}}